{"id":1490,"date":"2019-08-07T15:30:49","date_gmt":"2019-11-05T10:34:12","guid":{"rendered":"https:\/\/www.aostecharcuterie.be\/product\/le-vegetarien-curry\/"},"modified":"2023-01-23T11:08:11","modified_gmt":"2023-01-23T09:08:11","slug":"le-vegetarien-curry","status":"publish","type":"product","link":"https:\/\/www.aostecharcuterie.be\/fr\/produit\/le-vegetarien-curry\/","title":{"rendered":"Veggie Tranches Curry"},"content":{"rendered":"<p>D\u00e9couvrez l&rsquo;irr\u00e9sistible qualit\u00e9 d&rsquo;Aoste, maintenant aussi disponible sans viande. Une source de prot\u00e9ines, avec un go\u00fbt surprenant et qui fond en bouche.<\/p>\n","protected":false},"excerpt":{"rendered":"<p>D\u00e9couvrez l&rsquo;irr\u00e9sistible qualit\u00e9 d&rsquo;Aoste, maintenant aussi disponible sans viande. Une source de prot\u00e9ines, avec un go\u00fbt surprenant et qui fond en bouche.<\/p>\n","protected":false},"featured_media":5768,"template":"","meta":[],"product_cat":[44,45],"product_tag":[],"acf":[],"yoast_head":"<!-- This site is optimized with the Yoast SEO plugin v21.1 - https:\/\/yoast.com\/wordpress\/plugins\/seo\/ -->\n<title>Veggie Tranches Curry | Aoste<\/title>\n<meta name=\"robots\" content=\"index, follow, max-snippet:-1, max-image-preview:large, max-video-preview:-1\" \/>\n<link rel=\"canonical\" href=\"https:\/\/www.aoste.be\/fr\/produit\/le-vegetarien-curry\/\" \/>\n<meta property=\"og:locale\" content=\"fr_FR\" \/>\n<meta property=\"og:type\" content=\"article\" \/>\n<meta property=\"og:title\" content=\"Veggie Tranches Curry | Aoste\" \/>\n<meta property=\"og:description\" content=\"D\u00e9couvrez l&rsquo;irr\u00e9sistible qualit\u00e9 d&rsquo;Aoste, maintenant aussi disponible sans viande. Une source de prot\u00e9ines, avec un go\u00fbt surprenant et qui fond en bouche.\" \/>\n<meta property=\"og:url\" content=\"https:\/\/www.aoste.be\/fr\/produit\/le-vegetarien-curry\/\" \/>\n<meta property=\"og:site_name\" content=\"Aoste\" \/>\n<meta property=\"article:publisher\" content=\"https:\/\/www.facebook.com\/Aoste.Belgium\/\" \/>\n<meta property=\"article:modified_time\" content=\"2023-01-23T09:08:11+00:00\" \/>\n<meta property=\"og:image\" content=\"https:\/\/www.aoste.be\/wp-content\/uploads\/2022\/03\/CAMP_AOSTE_HeroImages_260x260_Curry_FR.png\" \/>\n\t<meta property=\"og:image:width\" content=\"260\" \/>\n\t<meta property=\"og:image:height\" content=\"260\" \/>\n\t<meta property=\"og:image:type\" content=\"image\/png\" \/>\n<meta name=\"twitter:card\" content=\"summary_large_image\" \/>\n<script type=\"application\/ld+json\" class=\"yoast-schema-graph\">{\"@context\":\"https:\/\/schema.org\",\"@graph\":[{\"@type\":\"WebPage\",\"@id\":\"https:\/\/www.aoste.be\/fr\/produit\/le-vegetarien-curry\/\",\"url\":\"https:\/\/www.aoste.be\/fr\/produit\/le-vegetarien-curry\/\",\"name\":\"Veggie Tranches Curry | Aoste\",\"isPartOf\":{\"@id\":\"https:\/\/www.aoste.be\/#website\"},\"datePublished\":\"2019-11-05T10:34:12+00:00\",\"dateModified\":\"2023-01-23T09:08:11+00:00\",\"breadcrumb\":{\"@id\":\"https:\/\/www.aoste.be\/fr\/produit\/le-vegetarien-curry\/#breadcrumb\"},\"inLanguage\":\"fr-FR\",\"potentialAction\":[{\"@type\":\"ReadAction\",\"target\":[\"https:\/\/www.aoste.be\/fr\/produit\/le-vegetarien-curry\/\"]}]},{\"@type\":\"BreadcrumbList\",\"@id\":\"https:\/\/www.aoste.be\/fr\/produit\/le-vegetarien-curry\/#breadcrumb\",\"itemListElement\":[{\"@type\":\"ListItem\",\"position\":1,\"name\":\"Home\",\"item\":\"https:\/\/www.aoste.be\/fr\/\"},{\"@type\":\"ListItem\",\"position\":2,\"name\":\"Produits\",\"item\":\"https:\/\/www.aoste.be\/fr\/shop\/\"},{\"@type\":\"ListItem\",\"position\":3,\"name\":\"Veggie Tranches Curry\"}]},{\"@type\":\"WebSite\",\"@id\":\"https:\/\/www.aoste.be\/#website\",\"url\":\"https:\/\/www.aoste.be\/\",\"name\":\"Aoste\",\"description\":\"Altijd bereid om beter te doen.\",\"publisher\":{\"@id\":\"https:\/\/www.aoste.be\/#organization\"},\"potentialAction\":[{\"@type\":\"SearchAction\",\"target\":{\"@type\":\"EntryPoint\",\"urlTemplate\":\"https:\/\/www.aoste.be\/?s={search_term_string}\"},\"query-input\":\"required name=search_term_string\"}],\"inLanguage\":\"fr-FR\"},{\"@type\":\"Organization\",\"@id\":\"https:\/\/www.aoste.be\/#organization\",\"name\":\"Aoste\",\"url\":\"https:\/\/www.aoste.be\/\",\"logo\":{\"@type\":\"ImageObject\",\"inLanguage\":\"fr-FR\",\"@id\":\"https:\/\/www.aoste.be\/#\/schema\/logo\/image\/\",\"url\":\"https:\/\/www.aostecharcuterie.be\/wp-content\/uploads\/2019\/11\/aoste_logo.png\",\"contentUrl\":\"https:\/\/www.aostecharcuterie.be\/wp-content\/uploads\/2019\/11\/aoste_logo.png\",\"width\":150,\"height\":150,\"caption\":\"Aoste\"},\"image\":{\"@id\":\"https:\/\/www.aoste.be\/#\/schema\/logo\/image\/\"},\"sameAs\":[\"https:\/\/www.facebook.com\/Aoste.Belgium\/\",\"https:\/\/www.instagram.com\/aoste.be\"]}]}<\/script>\n<!-- \/ Yoast SEO plugin. -->","yoast_head_json":{"title":"Veggie Tranches Curry | Aoste","robots":{"index":"index","follow":"follow","max-snippet":"max-snippet:-1","max-image-preview":"max-image-preview:large","max-video-preview":"max-video-preview:-1"},"canonical":"https:\/\/www.aoste.be\/fr\/produit\/le-vegetarien-curry\/","og_locale":"fr_FR","og_type":"article","og_title":"Veggie Tranches Curry | Aoste","og_description":"D\u00e9couvrez l&rsquo;irr\u00e9sistible qualit\u00e9 d&rsquo;Aoste, maintenant aussi disponible sans viande. Une source de prot\u00e9ines, avec un go\u00fbt surprenant et qui fond en bouche.","og_url":"https:\/\/www.aoste.be\/fr\/produit\/le-vegetarien-curry\/","og_site_name":"Aoste","article_publisher":"https:\/\/www.facebook.com\/Aoste.Belgium\/","article_modified_time":"2023-01-23T09:08:11+00:00","og_image":[{"width":260,"height":260,"url":"https:\/\/www.aoste.be\/wp-content\/uploads\/2022\/03\/CAMP_AOSTE_HeroImages_260x260_Curry_FR.png","type":"image\/png"}],"twitter_card":"summary_large_image","schema":{"@context":"https:\/\/schema.org","@graph":[{"@type":"WebPage","@id":"https:\/\/www.aoste.be\/fr\/produit\/le-vegetarien-curry\/","url":"https:\/\/www.aoste.be\/fr\/produit\/le-vegetarien-curry\/","name":"Veggie Tranches Curry | Aoste","isPartOf":{"@id":"https:\/\/www.aoste.be\/#website"},"datePublished":"2019-11-05T10:34:12+00:00","dateModified":"2023-01-23T09:08:11+00:00","breadcrumb":{"@id":"https:\/\/www.aoste.be\/fr\/produit\/le-vegetarien-curry\/#breadcrumb"},"inLanguage":"fr-FR","potentialAction":[{"@type":"ReadAction","target":["https:\/\/www.aoste.be\/fr\/produit\/le-vegetarien-curry\/"]}]},{"@type":"BreadcrumbList","@id":"https:\/\/www.aoste.be\/fr\/produit\/le-vegetarien-curry\/#breadcrumb","itemListElement":[{"@type":"ListItem","position":1,"name":"Home","item":"https:\/\/www.aoste.be\/fr\/"},{"@type":"ListItem","position":2,"name":"Produits","item":"https:\/\/www.aoste.be\/fr\/shop\/"},{"@type":"ListItem","position":3,"name":"Veggie Tranches Curry"}]},{"@type":"WebSite","@id":"https:\/\/www.aoste.be\/#website","url":"https:\/\/www.aoste.be\/","name":"Aoste","description":"Altijd bereid om beter te doen.","publisher":{"@id":"https:\/\/www.aoste.be\/#organization"},"potentialAction":[{"@type":"SearchAction","target":{"@type":"EntryPoint","urlTemplate":"https:\/\/www.aoste.be\/?s={search_term_string}"},"query-input":"required name=search_term_string"}],"inLanguage":"fr-FR"},{"@type":"Organization","@id":"https:\/\/www.aoste.be\/#organization","name":"Aoste","url":"https:\/\/www.aoste.be\/","logo":{"@type":"ImageObject","inLanguage":"fr-FR","@id":"https:\/\/www.aoste.be\/#\/schema\/logo\/image\/","url":"https:\/\/www.aostecharcuterie.be\/wp-content\/uploads\/2019\/11\/aoste_logo.png","contentUrl":"https:\/\/www.aostecharcuterie.be\/wp-content\/uploads\/2019\/11\/aoste_logo.png","width":150,"height":150,"caption":"Aoste"},"image":{"@id":"https:\/\/www.aoste.be\/#\/schema\/logo\/image\/"},"sameAs":["https:\/\/www.facebook.com\/Aoste.Belgium\/","https:\/\/www.instagram.com\/aoste.be"]}]}},"_links":{"self":[{"href":"https:\/\/www.aostecharcuterie.be\/fr\/wp-json\/wp\/v2\/product\/1490"}],"collection":[{"href":"https:\/\/www.aostecharcuterie.be\/fr\/wp-json\/wp\/v2\/product"}],"about":[{"href":"https:\/\/www.aostecharcuterie.be\/fr\/wp-json\/wp\/v2\/types\/product"}],"wp:featuredmedia":[{"embeddable":true,"href":"https:\/\/www.aostecharcuterie.be\/fr\/wp-json\/wp\/v2\/media\/5768"}],"wp:attachment":[{"href":"https:\/\/www.aostecharcuterie.be\/fr\/wp-json\/wp\/v2\/media?parent=1490"}],"wp:term":[{"taxonomy":"product_cat","embeddable":true,"href":"https:\/\/www.aostecharcuterie.be\/fr\/wp-json\/wp\/v2\/product_cat?post=1490"},{"taxonomy":"product_tag","embeddable":true,"href":"https:\/\/www.aostecharcuterie.be\/fr\/wp-json\/wp\/v2\/product_tag?post=1490"}],"curies":[{"name":"wp","href":"https:\/\/api.w.org\/{rel}","templated":true}]}}