{"id":1432,"date":"2019-10-01T16:21:08","date_gmt":"2019-11-05T10:21:46","guid":{"rendered":"https:\/\/www.aostecharcuterie.be\/product\/le-vegetarien-mediterrannee\/"},"modified":"2023-01-23T11:10:54","modified_gmt":"2023-01-23T09:10:54","slug":"le-vegetarien-mediterrannee","status":"publish","type":"product","link":"https:\/\/www.aostecharcuterie.be\/fr\/produit\/le-vegetarien-mediterrannee\/","title":{"rendered":"Veggie Tranches M\u00e9diterrann\u00e9e"},"content":{"rendered":"<p>Savourez le d\u00e9licieux sandwich \u00e0 tartiner d&rsquo;Aoste, \u00e9galement sans viande. Une source de prot\u00e9ines avec une morsure \u00e9tonnamment savoureuse et un go\u00fbt d\u00e9licieux. \u00c9galement d\u00e9licieux en sandwich avec des barres de courgettes grill\u00e9es, des poivrons grill\u00e9s et de l&rsquo;huile d&rsquo;olive.<\/p>\n","protected":false},"excerpt":{"rendered":"<p>Savourez le d\u00e9licieux sandwich \u00e0 tartiner d&rsquo;Aoste, \u00e9galement sans viande. Une source de prot\u00e9ines avec une morsure \u00e9tonnamment savoureuse et un go\u00fbt d\u00e9licieux. \u00c9galement d\u00e9licieux en sandwich avec des barres de courgettes grill\u00e9es, des poivrons grill\u00e9s et de l&rsquo;huile d&rsquo;olive.<\/p>\n","protected":false},"featured_media":5677,"template":"","meta":[],"product_cat":[44,45],"product_tag":[],"acf":[],"yoast_head":"<!-- This site is optimized with the Yoast SEO plugin v21.1 - https:\/\/yoast.com\/wordpress\/plugins\/seo\/ -->\n<title>Veggie Tranches M\u00e9diterrann\u00e9e | Aoste<\/title>\n<meta name=\"robots\" content=\"index, follow, max-snippet:-1, max-image-preview:large, max-video-preview:-1\" \/>\n<link rel=\"canonical\" href=\"https:\/\/www.aoste.be\/fr\/produit\/le-vegetarien-mediterrannee\/\" \/>\n<meta property=\"og:locale\" content=\"fr_FR\" \/>\n<meta property=\"og:type\" content=\"article\" \/>\n<meta property=\"og:title\" content=\"Veggie Tranches M\u00e9diterrann\u00e9e | Aoste\" \/>\n<meta property=\"og:description\" content=\"Savourez le d\u00e9licieux sandwich \u00e0 tartiner d&rsquo;Aoste, \u00e9galement sans viande. Une source de prot\u00e9ines avec une morsure \u00e9tonnamment savoureuse et un go\u00fbt d\u00e9licieux. \u00c9galement d\u00e9licieux en sandwich avec des barres de courgettes grill\u00e9es, des poivrons grill\u00e9s et de l&rsquo;huile d&rsquo;olive.\" \/>\n<meta property=\"og:url\" content=\"https:\/\/www.aoste.be\/fr\/produit\/le-vegetarien-mediterrannee\/\" \/>\n<meta property=\"og:site_name\" content=\"Aoste\" \/>\n<meta property=\"article:publisher\" content=\"https:\/\/www.facebook.com\/Aoste.Belgium\/\" \/>\n<meta property=\"article:modified_time\" content=\"2023-01-23T09:10:54+00:00\" \/>\n<meta property=\"og:image\" content=\"https:\/\/www.aoste.be\/wp-content\/uploads\/2022\/03\/CAMP_AOSTE_HeroImages_260x260_Medit_NL.png\" \/>\n\t<meta property=\"og:image:width\" content=\"260\" \/>\n\t<meta property=\"og:image:height\" content=\"260\" \/>\n\t<meta property=\"og:image:type\" content=\"image\/png\" \/>\n<meta name=\"twitter:card\" content=\"summary_large_image\" \/>\n<script type=\"application\/ld+json\" class=\"yoast-schema-graph\">{\"@context\":\"https:\/\/schema.org\",\"@graph\":[{\"@type\":\"WebPage\",\"@id\":\"https:\/\/www.aoste.be\/fr\/produit\/le-vegetarien-mediterrannee\/\",\"url\":\"https:\/\/www.aoste.be\/fr\/produit\/le-vegetarien-mediterrannee\/\",\"name\":\"Veggie Tranches M\u00e9diterrann\u00e9e | Aoste\",\"isPartOf\":{\"@id\":\"https:\/\/www.aoste.be\/#website\"},\"datePublished\":\"2019-11-05T10:21:46+00:00\",\"dateModified\":\"2023-01-23T09:10:54+00:00\",\"breadcrumb\":{\"@id\":\"https:\/\/www.aoste.be\/fr\/produit\/le-vegetarien-mediterrannee\/#breadcrumb\"},\"inLanguage\":\"fr-FR\",\"potentialAction\":[{\"@type\":\"ReadAction\",\"target\":[\"https:\/\/www.aoste.be\/fr\/produit\/le-vegetarien-mediterrannee\/\"]}]},{\"@type\":\"BreadcrumbList\",\"@id\":\"https:\/\/www.aoste.be\/fr\/produit\/le-vegetarien-mediterrannee\/#breadcrumb\",\"itemListElement\":[{\"@type\":\"ListItem\",\"position\":1,\"name\":\"Home\",\"item\":\"https:\/\/www.aostecharcuterie.be\/fr\/\"},{\"@type\":\"ListItem\",\"position\":2,\"name\":\"Producten\",\"item\":\"https:\/\/www.aostecharcuterie.be\/shop\/\"},{\"@type\":\"ListItem\",\"position\":3,\"name\":\"Veggie Tranches M\u00e9diterrann\u00e9e\"}]},{\"@type\":\"WebSite\",\"@id\":\"https:\/\/www.aoste.be\/#website\",\"url\":\"https:\/\/www.aoste.be\/\",\"name\":\"Aoste\",\"description\":\"Altijd bereid om beter te doen.\",\"publisher\":{\"@id\":\"https:\/\/www.aoste.be\/#organization\"},\"potentialAction\":[{\"@type\":\"SearchAction\",\"target\":{\"@type\":\"EntryPoint\",\"urlTemplate\":\"https:\/\/www.aoste.be\/?s={search_term_string}\"},\"query-input\":\"required name=search_term_string\"}],\"inLanguage\":\"fr-FR\"},{\"@type\":\"Organization\",\"@id\":\"https:\/\/www.aoste.be\/#organization\",\"name\":\"Aoste\",\"url\":\"https:\/\/www.aoste.be\/\",\"logo\":{\"@type\":\"ImageObject\",\"inLanguage\":\"fr-FR\",\"@id\":\"https:\/\/www.aoste.be\/#\/schema\/logo\/image\/\",\"url\":\"https:\/\/www.aostecharcuterie.be\/wp-content\/uploads\/2019\/11\/aoste_logo.png\",\"contentUrl\":\"https:\/\/www.aostecharcuterie.be\/wp-content\/uploads\/2019\/11\/aoste_logo.png\",\"width\":150,\"height\":150,\"caption\":\"Aoste\"},\"image\":{\"@id\":\"https:\/\/www.aoste.be\/#\/schema\/logo\/image\/\"},\"sameAs\":[\"https:\/\/www.facebook.com\/Aoste.Belgium\/\",\"https:\/\/www.instagram.com\/aoste.be\"]}]}<\/script>\n<!-- \/ Yoast SEO plugin. -->","yoast_head_json":{"title":"Veggie Tranches M\u00e9diterrann\u00e9e | Aoste","robots":{"index":"index","follow":"follow","max-snippet":"max-snippet:-1","max-image-preview":"max-image-preview:large","max-video-preview":"max-video-preview:-1"},"canonical":"https:\/\/www.aoste.be\/fr\/produit\/le-vegetarien-mediterrannee\/","og_locale":"fr_FR","og_type":"article","og_title":"Veggie Tranches M\u00e9diterrann\u00e9e | Aoste","og_description":"Savourez le d\u00e9licieux sandwich \u00e0 tartiner d&rsquo;Aoste, \u00e9galement sans viande. Une source de prot\u00e9ines avec une morsure \u00e9tonnamment savoureuse et un go\u00fbt d\u00e9licieux. \u00c9galement d\u00e9licieux en sandwich avec des barres de courgettes grill\u00e9es, des poivrons grill\u00e9s et de l&rsquo;huile d&rsquo;olive.","og_url":"https:\/\/www.aoste.be\/fr\/produit\/le-vegetarien-mediterrannee\/","og_site_name":"Aoste","article_publisher":"https:\/\/www.facebook.com\/Aoste.Belgium\/","article_modified_time":"2023-01-23T09:10:54+00:00","og_image":[{"width":260,"height":260,"url":"https:\/\/www.aoste.be\/wp-content\/uploads\/2022\/03\/CAMP_AOSTE_HeroImages_260x260_Medit_NL.png","type":"image\/png"}],"twitter_card":"summary_large_image","schema":{"@context":"https:\/\/schema.org","@graph":[{"@type":"WebPage","@id":"https:\/\/www.aoste.be\/fr\/produit\/le-vegetarien-mediterrannee\/","url":"https:\/\/www.aoste.be\/fr\/produit\/le-vegetarien-mediterrannee\/","name":"Veggie Tranches M\u00e9diterrann\u00e9e | Aoste","isPartOf":{"@id":"https:\/\/www.aoste.be\/#website"},"datePublished":"2019-11-05T10:21:46+00:00","dateModified":"2023-01-23T09:10:54+00:00","breadcrumb":{"@id":"https:\/\/www.aoste.be\/fr\/produit\/le-vegetarien-mediterrannee\/#breadcrumb"},"inLanguage":"fr-FR","potentialAction":[{"@type":"ReadAction","target":["https:\/\/www.aoste.be\/fr\/produit\/le-vegetarien-mediterrannee\/"]}]},{"@type":"BreadcrumbList","@id":"https:\/\/www.aoste.be\/fr\/produit\/le-vegetarien-mediterrannee\/#breadcrumb","itemListElement":[{"@type":"ListItem","position":1,"name":"Home","item":"https:\/\/www.aostecharcuterie.be\/fr\/"},{"@type":"ListItem","position":2,"name":"Producten","item":"https:\/\/www.aostecharcuterie.be\/shop\/"},{"@type":"ListItem","position":3,"name":"Veggie Tranches M\u00e9diterrann\u00e9e"}]},{"@type":"WebSite","@id":"https:\/\/www.aoste.be\/#website","url":"https:\/\/www.aoste.be\/","name":"Aoste","description":"Altijd bereid om beter te doen.","publisher":{"@id":"https:\/\/www.aoste.be\/#organization"},"potentialAction":[{"@type":"SearchAction","target":{"@type":"EntryPoint","urlTemplate":"https:\/\/www.aoste.be\/?s={search_term_string}"},"query-input":"required name=search_term_string"}],"inLanguage":"fr-FR"},{"@type":"Organization","@id":"https:\/\/www.aoste.be\/#organization","name":"Aoste","url":"https:\/\/www.aoste.be\/","logo":{"@type":"ImageObject","inLanguage":"fr-FR","@id":"https:\/\/www.aoste.be\/#\/schema\/logo\/image\/","url":"https:\/\/www.aostecharcuterie.be\/wp-content\/uploads\/2019\/11\/aoste_logo.png","contentUrl":"https:\/\/www.aostecharcuterie.be\/wp-content\/uploads\/2019\/11\/aoste_logo.png","width":150,"height":150,"caption":"Aoste"},"image":{"@id":"https:\/\/www.aoste.be\/#\/schema\/logo\/image\/"},"sameAs":["https:\/\/www.facebook.com\/Aoste.Belgium\/","https:\/\/www.instagram.com\/aoste.be"]}]}},"_links":{"self":[{"href":"https:\/\/www.aostecharcuterie.be\/fr\/wp-json\/wp\/v2\/product\/1432"}],"collection":[{"href":"https:\/\/www.aostecharcuterie.be\/fr\/wp-json\/wp\/v2\/product"}],"about":[{"href":"https:\/\/www.aostecharcuterie.be\/fr\/wp-json\/wp\/v2\/types\/product"}],"wp:featuredmedia":[{"embeddable":true,"href":"https:\/\/www.aostecharcuterie.be\/fr\/wp-json\/wp\/v2\/media\/5677"}],"wp:attachment":[{"href":"https:\/\/www.aostecharcuterie.be\/fr\/wp-json\/wp\/v2\/media?parent=1432"}],"wp:term":[{"taxonomy":"product_cat","embeddable":true,"href":"https:\/\/www.aostecharcuterie.be\/fr\/wp-json\/wp\/v2\/product_cat?post=1432"},{"taxonomy":"product_tag","embeddable":true,"href":"https:\/\/www.aostecharcuterie.be\/fr\/wp-json\/wp\/v2\/product_tag?post=1432"}],"curies":[{"name":"wp","href":"https:\/\/api.w.org\/{rel}","templated":true}]}}